{"id":784,"date":"2024-11-28T12:20:15","date_gmt":"2024-11-28T12:20:15","guid":{"rendered":"https:\/\/itinerarisdecanvi.cat\/formacions\/"},"modified":"2025-01-16T11:54:45","modified_gmt":"2025-01-16T11:54:45","slug":"formacions","status":"publish","type":"page","link":"https:\/\/itinerarisdecanvi.cat\/ca\/formacions\/","title":{"rendered":"Formacions"},"content":{"rendered":"\t\t<div data-elementor-type=\"wp-page\" data-elementor-id=\"784\" class=\"elementor elementor-784 elementor-42\" data-elementor-post-type=\"page\">\n\t\t\t\t<div class=\"elementor-element elementor-element-40b39b1 e-con-full e-flex e-con e-parent\" data-id=\"40b39b1\" data-element_type=\"container\">\n\t\t\t\t<div class=\"elementor-element elementor-element-1a1cd37 elementor-widget__width-initial elementor-invisible elementor-widget elementor-widget-text-editor\" data-id=\"1a1cd37\" data-element_type=\"widget\" data-settings=\"{&quot;_animation&quot;:&quot;fadeIn&quot;}\" data-widget_type=\"text-editor.default\">\n\t\t\t\t<div class=\"elementor-widget-container\">\n\t\t\t\t\t\t\t\t\t<p>A Itineraris de Canvi, oferim formacions innovadores que potencien el creixement personal, professional i social, adaptant-nos a les necessitats espec\u00edfiques de cada sector.<\/p>\n\t\t\t\t\t\t\t\t<\/div>\n\t\t\t\t<\/div>\n\t\t\t\t<div class=\"elementor-element elementor-element-c38a735 elementor-invisible elementor-widget elementor-widget-text-editor\" data-id=\"c38a735\" data-element_type=\"widget\" data-settings=\"{&quot;_animation&quot;:&quot;fadeIn&quot;,&quot;_animation_delay&quot;:200}\" data-widget_type=\"text-editor.default\">\n\t\t\t\t<div class=\"elementor-widget-container\">\n\t\t\t\t\t\t\t\t\t<p><em><span style=\"font-weight: 400;\">Descobreix les nostres oportunitats de formaci\u00f3<\/span><\/em><\/p>\n\t\t\t\t\t\t\t\t<\/div>\n\t\t\t\t<\/div>\n\t\t\t\t<div class=\"elementor-element elementor-element-61a9054 elementor-widget__width-initial elementor-invisible elementor-widget elementor-widget-text-editor\" data-id=\"61a9054\" data-element_type=\"widget\" data-settings=\"{&quot;_animation&quot;:&quot;fadeIn&quot;,&quot;_animation_delay&quot;:400}\" data-widget_type=\"text-editor.default\">\n\t\t\t\t<div class=\"elementor-widget-container\">\n\t\t\t\t\t\t\t\t\t<p><span style=\"font-weight: 400;\">Benvingut a Itineraris de Canvi, el teu espai per al creixement personal, professional i social. Oferim formacions dissenyades per impulsar tant persones com empreses, sempre adaptades a les necessitats concretes de cada sector. El nostre objectiu \u00e9s oferir solucions formatives de qualitat, flexibles i innovadores. Aqu\u00ed trobareu un complet ventall de possibilitats per comen\u00e7ar el vostre cam\u00ed cap a l&#8217;\u00e8xit.   <\/span><\/p>\n\t\t\t\t\t\t\t\t<\/div>\n\t\t\t\t<\/div>\n\t\t\t\t<\/div>\n\t\t<div class=\"elementor-element elementor-element-2ad44c2 e-con-full e-flex e-con e-parent\" data-id=\"2ad44c2\" data-element_type=\"container\">\n\t\t\t\t<div class=\"elementor-element elementor-element-c7f33d6 elementor-invisible elementor-widget elementor-widget-n-accordion\" data-id=\"c7f33d6\" data-element_type=\"widget\" data-settings=\"{&quot;max_items_expended&quot;:&quot;multiple&quot;,&quot;_animation&quot;:&quot;fadeIn&quot;,&quot;_animation_delay&quot;:600,&quot;default_state&quot;:&quot;all_collapsed&quot;,&quot;n_accordion_animation_duration&quot;:{&quot;unit&quot;:&quot;ms&quot;,&quot;size&quot;:400,&quot;sizes&quot;:[]}}\" data-widget_type=\"nested-accordion.default\">\n\t\t\t\t<div class=\"elementor-widget-container\">\n\t\t\t\t\t\t\t<div class=\"e-n-accordion\" aria-label=\"Accordion. Open links with Enter or Space, close with Escape, and navigate with Arrow Keys\">\n\t\t\t\t\t\t<details id=\"e-n-accordion-item-2090\" class=\"e-n-accordion-item\" >\n\t\t\t\t<summary class=\"e-n-accordion-item-title\" data-accordion-index=\"1\" tabindex=\"0\" aria-expanded=\"false\" aria-controls=\"e-n-accordion-item-2090\" >\n\t\t\t\t\t<span class='e-n-accordion-item-title-header'><div class=\"e-n-accordion-item-title-text\"> Formaci\u00f3 per a Empreses i Organitzacions <\/div><\/span>\n\t\t\t\t\t\t\t<span class='e-n-accordion-item-title-icon'>\n\t\t\t<span class='e-opened' ><svg aria-hidden=\"true\" class=\"e-font-icon-svg e-fas-minus\" viewBox=\"0 0 448 512\" xmlns=\"http:\/\/www.w3.org\/2000\/svg\"><path d=\"M416 208H32c-17.67 0-32 14.33-32 32v32c0 17.67 14.33 32 32 32h384c17.67 0 32-14.33 32-32v-32c0-17.67-14.33-32-32-32z\"><\/path><\/svg><\/span>\n\t\t\t<span class='e-closed'><svg aria-hidden=\"true\" class=\"e-font-icon-svg e-fas-plus\" viewBox=\"0 0 448 512\" xmlns=\"http:\/\/www.w3.org\/2000\/svg\"><path d=\"M416 208H272V64c0-17.67-14.33-32-32-32h-32c-17.67 0-32 14.33-32 32v144H32c-17.67 0-32 14.33-32 32v32c0 17.67 14.33 32 32 32h144v144c0 17.67 14.33 32 32 32h32c17.67 0 32-14.33 32-32V304h144c17.67 0 32-14.33 32-32v-32c0-17.67-14.33-32-32-32z\"><\/path><\/svg><\/span>\n\t\t<\/span>\n\n\t\t\t\t\t\t<\/summary>\n\t\t\t\t<div role=\"region\" aria-labelledby=\"e-n-accordion-item-2090\" class=\"elementor-element elementor-element-91494fc e-con-full e-flex e-con e-child\" data-id=\"91494fc\" data-element_type=\"container\">\n\t\t\t\t<div class=\"elementor-element elementor-element-487ceba elementor-widget__width-initial elementor-widget elementor-widget-text-editor\" data-id=\"487ceba\" data-element_type=\"widget\" data-widget_type=\"text-editor.default\">\n\t\t\t\t<div class=\"elementor-widget-container\">\n\t\t\t\t\t\t\t\t\t<p><span style=\"font-weight: 400;\">Millora el rendiment del teu equip amb programes de formaci\u00f3 adaptats a la teva empresa. Treballem aspectes com la comunicaci\u00f3, el lideratge i la gesti\u00f3 de conflictes, habilitats clau per mantenir-se competitiu a l&#8217;entorn actual. A m\u00e9s, et pots beneficiar de les bonificacions de FUNDAE per cobrir els costos sense c\u00e0rrecs addicionals. Enforteix el teu equip i fomenta una productivitat duradora amb els nostres cursos de formaci\u00f3 continuada.   <\/span><\/p>\n\t\t\t\t\t\t\t\t<\/div>\n\t\t\t\t<\/div>\n\t\t\t\t<\/div>\n\t\t\t\t\t<\/details>\n\t\t\t\t\t\t<details id=\"e-n-accordion-item-2091\" class=\"e-n-accordion-item\" >\n\t\t\t\t<summary class=\"e-n-accordion-item-title\" data-accordion-index=\"2\" tabindex=\"-1\" aria-expanded=\"false\" aria-controls=\"e-n-accordion-item-2091\" >\n\t\t\t\t\t<span class='e-n-accordion-item-title-header'><div class=\"e-n-accordion-item-title-text\"> Formacions per a Administracions <\/div><\/span>\n\t\t\t\t\t\t\t<span class='e-n-accordion-item-title-icon'>\n\t\t\t<span class='e-opened' ><svg aria-hidden=\"true\" class=\"e-font-icon-svg e-fas-minus\" viewBox=\"0 0 448 512\" xmlns=\"http:\/\/www.w3.org\/2000\/svg\"><path d=\"M416 208H32c-17.67 0-32 14.33-32 32v32c0 17.67 14.33 32 32 32h384c17.67 0 32-14.33 32-32v-32c0-17.67-14.33-32-32-32z\"><\/path><\/svg><\/span>\n\t\t\t<span class='e-closed'><svg aria-hidden=\"true\" class=\"e-font-icon-svg e-fas-plus\" viewBox=\"0 0 448 512\" xmlns=\"http:\/\/www.w3.org\/2000\/svg\"><path d=\"M416 208H272V64c0-17.67-14.33-32-32-32h-32c-17.67 0-32 14.33-32 32v144H32c-17.67 0-32 14.33-32 32v32c0 17.67 14.33 32 32 32h144v144c0 17.67 14.33 32 32 32h32c17.67 0 32-14.33 32-32V304h144c17.67 0 32-14.33 32-32v-32c0-17.67-14.33-32-32-32z\"><\/path><\/svg><\/span>\n\t\t<\/span>\n\n\t\t\t\t\t\t<\/summary>\n\t\t\t\t<div role=\"region\" aria-labelledby=\"e-n-accordion-item-2091\" class=\"elementor-element elementor-element-1343c48 e-con-full e-flex e-con e-child\" data-id=\"1343c48\" data-element_type=\"container\">\n\t\t\t\t<div class=\"elementor-element elementor-element-0d56614 elementor-widget__width-initial elementor-widget elementor-widget-text-editor\" data-id=\"0d56614\" data-element_type=\"widget\" data-widget_type=\"text-editor.default\">\n\t\t\t\t<div class=\"elementor-widget-container\">\n\t\t\t\t\t\t\t\t\t<p><span style=\"font-weight: 400;\">Amb la nostra experi\u00e8ncia en formaci\u00f3 per a administracions p\u00fabliques, ajudem a potenciar les habilitats dels equips t\u00e8cnics i de lideratge. Dissenyem programes que milloren l&#8217;efici\u00e8ncia i la gesti\u00f3 p\u00fablica, oferint solucions concretes als reptes actuals del sector. <\/span><\/p>\n\t\t\t\t\t\t\t\t<\/div>\n\t\t\t\t<\/div>\n\t\t\t\t<\/div>\n\t\t\t\t\t<\/details>\n\t\t\t\t\t\t<details id=\"e-n-accordion-item-2092\" class=\"e-n-accordion-item\" >\n\t\t\t\t<summary class=\"e-n-accordion-item-title\" data-accordion-index=\"3\" tabindex=\"-1\" aria-expanded=\"false\" aria-controls=\"e-n-accordion-item-2092\" >\n\t\t\t\t\t<span class='e-n-accordion-item-title-header'><div class=\"e-n-accordion-item-title-text\"> Formacions per a Equips dIntervenci\u00f3 Social i Atenci\u00f3 a les Persones <\/div><\/span>\n\t\t\t\t\t\t\t<span class='e-n-accordion-item-title-icon'>\n\t\t\t<span class='e-opened' ><svg aria-hidden=\"true\" class=\"e-font-icon-svg e-fas-minus\" viewBox=\"0 0 448 512\" xmlns=\"http:\/\/www.w3.org\/2000\/svg\"><path d=\"M416 208H32c-17.67 0-32 14.33-32 32v32c0 17.67 14.33 32 32 32h384c17.67 0 32-14.33 32-32v-32c0-17.67-14.33-32-32-32z\"><\/path><\/svg><\/span>\n\t\t\t<span class='e-closed'><svg aria-hidden=\"true\" class=\"e-font-icon-svg e-fas-plus\" viewBox=\"0 0 448 512\" xmlns=\"http:\/\/www.w3.org\/2000\/svg\"><path d=\"M416 208H272V64c0-17.67-14.33-32-32-32h-32c-17.67 0-32 14.33-32 32v144H32c-17.67 0-32 14.33-32 32v32c0 17.67 14.33 32 32 32h144v144c0 17.67 14.33 32 32 32h32c17.67 0 32-14.33 32-32V304h144c17.67 0 32-14.33 32-32v-32c0-17.67-14.33-32-32-32z\"><\/path><\/svg><\/span>\n\t\t<\/span>\n\n\t\t\t\t\t\t<\/summary>\n\t\t\t\t<div role=\"region\" aria-labelledby=\"e-n-accordion-item-2092\" class=\"elementor-element elementor-element-a8f8805 e-con-full e-flex e-con e-child\" data-id=\"a8f8805\" data-element_type=\"container\">\n\t\t\t\t<div class=\"elementor-element elementor-element-9df1c7c elementor-widget__width-initial elementor-widget elementor-widget-text-editor\" data-id=\"9df1c7c\" data-element_type=\"widget\" data-widget_type=\"text-editor.default\">\n\t\t\t\t<div class=\"elementor-widget-container\">\n\t\t\t\t\t\t\t\t\t<p><span style=\"font-weight: 400;\">Som especialistes en innovaci\u00f3 social. Formem equips d&#8217;intervenci\u00f3 social i acci\u00f3 comunit\u00e0ria amb metodologies pr\u00e0ctiques per convertir els reptes socials en oportunitats d&#8217;impacte positiu. Equipem els professionals amb les eines necess\u00e0ries per ser agents de canvi durador a la comunitat.  <\/span><\/p>\n\t\t\t\t\t\t\t\t<\/div>\n\t\t\t\t<\/div>\n\t\t\t\t<\/div>\n\t\t\t\t\t<\/details>\n\t\t\t\t\t\t<details id=\"e-n-accordion-item-2093\" class=\"e-n-accordion-item\" >\n\t\t\t\t<summary class=\"e-n-accordion-item-title\" data-accordion-index=\"4\" tabindex=\"-1\" aria-expanded=\"false\" aria-controls=\"e-n-accordion-item-2093\" >\n\t\t\t\t\t<span class='e-n-accordion-item-title-header'><div class=\"e-n-accordion-item-title-text\"> Formacions en Mediaci\u00f3 i Transformaci\u00f3 de Conflictes <\/div><\/span>\n\t\t\t\t\t\t\t<span class='e-n-accordion-item-title-icon'>\n\t\t\t<span class='e-opened' ><svg aria-hidden=\"true\" class=\"e-font-icon-svg e-fas-minus\" viewBox=\"0 0 448 512\" xmlns=\"http:\/\/www.w3.org\/2000\/svg\"><path d=\"M416 208H32c-17.67 0-32 14.33-32 32v32c0 17.67 14.33 32 32 32h384c17.67 0 32-14.33 32-32v-32c0-17.67-14.33-32-32-32z\"><\/path><\/svg><\/span>\n\t\t\t<span class='e-closed'><svg aria-hidden=\"true\" class=\"e-font-icon-svg e-fas-plus\" viewBox=\"0 0 448 512\" xmlns=\"http:\/\/www.w3.org\/2000\/svg\"><path d=\"M416 208H272V64c0-17.67-14.33-32-32-32h-32c-17.67 0-32 14.33-32 32v144H32c-17.67 0-32 14.33-32 32v32c0 17.67 14.33 32 32 32h144v144c0 17.67 14.33 32 32 32h32c17.67 0 32-14.33 32-32V304h144c17.67 0 32-14.33 32-32v-32c0-17.67-14.33-32-32-32z\"><\/path><\/svg><\/span>\n\t\t<\/span>\n\n\t\t\t\t\t\t<\/summary>\n\t\t\t\t<div role=\"region\" aria-labelledby=\"e-n-accordion-item-2093\" class=\"elementor-element elementor-element-aa66745 e-con-full e-flex e-con e-child\" data-id=\"aa66745\" data-element_type=\"container\">\n\t\t\t\t<div class=\"elementor-element elementor-element-40845aa elementor-widget__width-initial elementor-widget elementor-widget-text-editor\" data-id=\"40845aa\" data-element_type=\"widget\" data-widget_type=\"text-editor.default\">\n\t\t\t\t<div class=\"elementor-widget-container\">\n\t\t\t\t\t\t\t\t\t<p><span style=\"font-weight: 400;\">Les nostres formacions en mediaci\u00f3 i gesti\u00f3 de conflictes ofereixen les eines per transformar situacions dif\u00edcils en oportunitats. Treballem t\u00e8cniques de mediaci\u00f3, comunicaci\u00f3 no violenta i pr\u00e0ctiques restauratives, fomentant la conviv\u00e8ncia pac\u00edfica i la col\u00b7laboraci\u00f3, tant en l&#8217;\u00e0mbit personal com professional. <\/span><\/p>\n\t\t\t\t\t\t\t\t<\/div>\n\t\t\t\t<\/div>\n\t\t\t\t<\/div>\n\t\t\t\t\t<\/details>\n\t\t\t\t\t\t<details id=\"e-n-accordion-item-2094\" class=\"e-n-accordion-item\" >\n\t\t\t\t<summary class=\"e-n-accordion-item-title\" data-accordion-index=\"5\" tabindex=\"-1\" aria-expanded=\"false\" aria-controls=\"e-n-accordion-item-2094\" >\n\t\t\t\t\t<span class='e-n-accordion-item-title-header'><div class=\"e-n-accordion-item-title-text\"> Formacions per al Creixement Personal i Professional <\/div><\/span>\n\t\t\t\t\t\t\t<span class='e-n-accordion-item-title-icon'>\n\t\t\t<span class='e-opened' ><svg aria-hidden=\"true\" class=\"e-font-icon-svg e-fas-minus\" viewBox=\"0 0 448 512\" xmlns=\"http:\/\/www.w3.org\/2000\/svg\"><path d=\"M416 208H32c-17.67 0-32 14.33-32 32v32c0 17.67 14.33 32 32 32h384c17.67 0 32-14.33 32-32v-32c0-17.67-14.33-32-32-32z\"><\/path><\/svg><\/span>\n\t\t\t<span class='e-closed'><svg aria-hidden=\"true\" class=\"e-font-icon-svg e-fas-plus\" viewBox=\"0 0 448 512\" xmlns=\"http:\/\/www.w3.org\/2000\/svg\"><path d=\"M416 208H272V64c0-17.67-14.33-32-32-32h-32c-17.67 0-32 14.33-32 32v144H32c-17.67 0-32 14.33-32 32v32c0 17.67 14.33 32 32 32h144v144c0 17.67 14.33 32 32 32h32c17.67 0 32-14.33 32-32V304h144c17.67 0 32-14.33 32-32v-32c0-17.67-14.33-32-32-32z\"><\/path><\/svg><\/span>\n\t\t<\/span>\n\n\t\t\t\t\t\t<\/summary>\n\t\t\t\t<div role=\"region\" aria-labelledby=\"e-n-accordion-item-2094\" class=\"elementor-element elementor-element-0a26b20 e-con-full e-flex e-con e-child\" data-id=\"0a26b20\" data-element_type=\"container\">\n\t\t\t\t<div class=\"elementor-element elementor-element-ffc67d7 elementor-widget__width-initial elementor-widget elementor-widget-text-editor\" data-id=\"ffc67d7\" data-element_type=\"widget\" data-widget_type=\"text-editor.default\">\n\t\t\t\t<div class=\"elementor-widget-container\">\n\t\t\t\t\t\t\t\t\t<p><span style=\"font-weight: 400;\">Si busques potenciar el teu benestar i el teu creixement personal, t&#8217;oferim cursos orientats a millorar l&#8217;autoconeixement i la gesti\u00f3 emocional. Programes que et permetran viure amb m\u00e9s equilibri i satisfacci\u00f3, desbloquejant el teu potencial per florir a tots els \u00e0mbits de la vida. <\/span><\/p>\n\t\t\t\t\t\t\t\t<\/div>\n\t\t\t\t<\/div>\n\t\t\t\t<\/div>\n\t\t\t\t\t<\/details>\n\t\t\t\t\t<\/div>\n\t\t\t\t\t\t<\/div>\n\t\t\t\t<\/div>\n\t\t\t\t<\/div>\n\t\t<div class=\"elementor-element elementor-element-55366b7 e-con-full e-flex e-con e-parent\" data-id=\"55366b7\" data-element_type=\"container\">\n\t\t\t\t<\/div>\n\t\t<div class=\"elementor-element elementor-element-90efbda e-con-full e-flex e-con e-parent\" data-id=\"90efbda\" data-element_type=\"container\">\n\t\t\t\t<div class=\"elementor-element elementor-element-56fe159 elementor-widget__width-initial elementor-widget elementor-widget-text-editor\" data-id=\"56fe159\" data-element_type=\"widget\" data-widget_type=\"text-editor.default\">\n\t\t\t\t<div class=\"elementor-widget-container\">\n\t\t\t\t\t\t\t\t\t<p>Consulta <span style=\"text-decoration: underline;\"><a href=\"https:\/\/itinerarisdecanvi.cat\/ca\/cataleg-de-formacions\/\">el nostre cat\u00e0leg<\/a><\/span> o posa&#8217;t en contacte amb nosaltres per obtenir m\u00e9s informaci\u00f3 sobre les nostres formacions i com podem ajudar-te a assolir els teus objectius professionals i personals.<\/p>\n\t\t\t\t\t\t\t\t<\/div>\n\t\t\t\t<\/div>\n\t\t\t\t<\/div>\n\t\t<div class=\"elementor-element elementor-element-b3388e2 e-con-full e-flex e-con e-parent\" data-id=\"b3388e2\" data-element_type=\"container\" data-settings=\"{&quot;background_background&quot;:&quot;classic&quot;}\">\n\t\t\t\t<div class=\"elementor-element elementor-element-6940710 elementor-widget elementor-widget-text-editor\" data-id=\"6940710\" data-element_type=\"widget\" data-widget_type=\"text-editor.default\">\n\t\t\t\t<div class=\"elementor-widget-container\">\n\t\t\t\t\t\t\t\t\t<p>A Itineraris de Canvi, estem aqu\u00ed per impulsar el teu \u00e8xit!<\/p>\n\t\t\t\t\t\t\t\t<\/div>\n\t\t\t\t<\/div>\n\t\t\t\t<\/div>\n\t\t\t\t<\/div>\n\t\t","protected":false},"excerpt":{"rendered":"<p>A Itineraris de Canvi, oferim formacions innovadores que potencien el creixement personal, professional i social, adaptant-nos a les necessitats espec\u00edfiques de cada sector. Descobreix les nostres oportunitats de formaci\u00f3 Benvingut a Itineraris de Canvi, el teu espai per al creixement personal, professional i social. Oferim formacions dissenyades per impulsar tant persones com empreses, sempre adaptades [&hellip;]<\/p>\n","protected":false},"author":1,"featured_media":0,"parent":0,"menu_order":0,"comment_status":"closed","ping_status":"closed","template":"","meta":{"footnotes":""},"class_list":["post-784","page","type-page","status-publish","hentry"],"acf":[],"yoast_head":"<!-- This site is optimized with the Yoast SEO plugin v24.2 - https:\/\/yoast.com\/wordpress\/plugins\/seo\/ -->\n<title>Formacions - Itineraris de Canvi<\/title>\n<meta name=\"robots\" content=\"index, follow, max-snippet:-1, max-image-preview:large, max-video-preview:-1\" \/>\n<link rel=\"canonical\" href=\"https:\/\/itinerarisdecanvi.cat\/formaciones\/\" \/>\n<meta property=\"og:locale\" content=\"ca_ES\" \/>\n<meta property=\"og:type\" content=\"article\" \/>\n<meta property=\"og:title\" content=\"Formacions - Itineraris de Canvi\" \/>\n<meta property=\"og:description\" content=\"A Itineraris de Canvi, oferim formacions innovadores que potencien el creixement personal, professional i social, adaptant-nos a les necessitats espec\u00edfiques de cada sector. Descobreix les nostres oportunitats de formaci\u00f3 Benvingut a Itineraris de Canvi, el teu espai per al creixement personal, professional i social. Oferim formacions dissenyades per impulsar tant persones com empreses, sempre adaptades [&hellip;]\" \/>\n<meta property=\"og:url\" content=\"https:\/\/itinerarisdecanvi.cat\/formaciones\/\" \/>\n<meta property=\"og:site_name\" content=\"Itineraris de Canvi\" \/>\n<meta property=\"article:modified_time\" content=\"2025-01-16T11:54:45+00:00\" \/>\n<meta name=\"twitter:card\" content=\"summary_large_image\" \/>\n<meta name=\"twitter:label1\" content=\"Temps estimat de lectura\" \/>\n\t<meta name=\"twitter:data1\" content=\"3 minuts\" \/>\n<script type=\"application\/ld+json\" class=\"yoast-schema-graph\">{\"@context\":\"https:\/\/schema.org\",\"@graph\":[{\"@type\":\"WebPage\",\"@id\":\"https:\/\/itinerarisdecanvi.cat\/formaciones\/\",\"url\":\"https:\/\/itinerarisdecanvi.cat\/formaciones\/\",\"name\":\"Formacions - Itineraris de Canvi\",\"isPartOf\":{\"@id\":\"https:\/\/itinerarisdecanvi.cat\/#website\"},\"datePublished\":\"2024-11-28T12:20:15+00:00\",\"dateModified\":\"2025-01-16T11:54:45+00:00\",\"breadcrumb\":{\"@id\":\"https:\/\/itinerarisdecanvi.cat\/formaciones\/#breadcrumb\"},\"inLanguage\":\"ca\",\"potentialAction\":[{\"@type\":\"ReadAction\",\"target\":[\"https:\/\/itinerarisdecanvi.cat\/formaciones\/\"]}]},{\"@type\":\"BreadcrumbList\",\"@id\":\"https:\/\/itinerarisdecanvi.cat\/formaciones\/#breadcrumb\",\"itemListElement\":[{\"@type\":\"ListItem\",\"position\":1,\"name\":\"Home\",\"item\":\"https:\/\/itinerarisdecanvi.cat\/ca\/inici\/\"},{\"@type\":\"ListItem\",\"position\":2,\"name\":\"Formacions\"}]},{\"@type\":\"WebSite\",\"@id\":\"https:\/\/itinerarisdecanvi.cat\/#website\",\"url\":\"https:\/\/itinerarisdecanvi.cat\/\",\"name\":\"Itineraris de Canvi\",\"description\":\"\",\"publisher\":{\"@id\":\"https:\/\/itinerarisdecanvi.cat\/#organization\"},\"potentialAction\":[{\"@type\":\"SearchAction\",\"target\":{\"@type\":\"EntryPoint\",\"urlTemplate\":\"https:\/\/itinerarisdecanvi.cat\/?s={search_term_string}\"},\"query-input\":{\"@type\":\"PropertyValueSpecification\",\"valueRequired\":true,\"valueName\":\"search_term_string\"}}],\"inLanguage\":\"ca\"},{\"@type\":\"Organization\",\"@id\":\"https:\/\/itinerarisdecanvi.cat\/#organization\",\"name\":\"Itineraris de Canvi\",\"url\":\"https:\/\/itinerarisdecanvi.cat\/\",\"logo\":{\"@type\":\"ImageObject\",\"inLanguage\":\"ca\",\"@id\":\"https:\/\/itinerarisdecanvi.cat\/#\/schema\/logo\/image\/\",\"url\":\"https:\/\/itinerarisdecanvi.cat\/wp-content\/uploads\/2024\/11\/ItinerarisDeCanviLogo.svg\",\"contentUrl\":\"https:\/\/itinerarisdecanvi.cat\/wp-content\/uploads\/2024\/11\/ItinerarisDeCanviLogo.svg\",\"width\":1584,\"height\":130,\"caption\":\"Itineraris de Canvi\"},\"image\":{\"@id\":\"https:\/\/itinerarisdecanvi.cat\/#\/schema\/logo\/image\/\"}}]}<\/script>\n<!-- \/ Yoast SEO plugin. -->","yoast_head_json":{"title":"Formacions - Itineraris de Canvi","robots":{"index":"index","follow":"follow","max-snippet":"max-snippet:-1","max-image-preview":"max-image-preview:large","max-video-preview":"max-video-preview:-1"},"canonical":"https:\/\/itinerarisdecanvi.cat\/formaciones\/","og_locale":"ca_ES","og_type":"article","og_title":"Formacions - Itineraris de Canvi","og_description":"A Itineraris de Canvi, oferim formacions innovadores que potencien el creixement personal, professional i social, adaptant-nos a les necessitats espec\u00edfiques de cada sector. Descobreix les nostres oportunitats de formaci\u00f3 Benvingut a Itineraris de Canvi, el teu espai per al creixement personal, professional i social. Oferim formacions dissenyades per impulsar tant persones com empreses, sempre adaptades [&hellip;]","og_url":"https:\/\/itinerarisdecanvi.cat\/formaciones\/","og_site_name":"Itineraris de Canvi","article_modified_time":"2025-01-16T11:54:45+00:00","twitter_card":"summary_large_image","twitter_misc":{"Temps estimat de lectura":"3 minuts"},"schema":{"@context":"https:\/\/schema.org","@graph":[{"@type":"WebPage","@id":"https:\/\/itinerarisdecanvi.cat\/formaciones\/","url":"https:\/\/itinerarisdecanvi.cat\/formaciones\/","name":"Formacions - Itineraris de Canvi","isPartOf":{"@id":"https:\/\/itinerarisdecanvi.cat\/#website"},"datePublished":"2024-11-28T12:20:15+00:00","dateModified":"2025-01-16T11:54:45+00:00","breadcrumb":{"@id":"https:\/\/itinerarisdecanvi.cat\/formaciones\/#breadcrumb"},"inLanguage":"ca","potentialAction":[{"@type":"ReadAction","target":["https:\/\/itinerarisdecanvi.cat\/formaciones\/"]}]},{"@type":"BreadcrumbList","@id":"https:\/\/itinerarisdecanvi.cat\/formaciones\/#breadcrumb","itemListElement":[{"@type":"ListItem","position":1,"name":"Home","item":"https:\/\/itinerarisdecanvi.cat\/ca\/inici\/"},{"@type":"ListItem","position":2,"name":"Formacions"}]},{"@type":"WebSite","@id":"https:\/\/itinerarisdecanvi.cat\/#website","url":"https:\/\/itinerarisdecanvi.cat\/","name":"Itineraris de Canvi","description":"","publisher":{"@id":"https:\/\/itinerarisdecanvi.cat\/#organization"},"potentialAction":[{"@type":"SearchAction","target":{"@type":"EntryPoint","urlTemplate":"https:\/\/itinerarisdecanvi.cat\/?s={search_term_string}"},"query-input":{"@type":"PropertyValueSpecification","valueRequired":true,"valueName":"search_term_string"}}],"inLanguage":"ca"},{"@type":"Organization","@id":"https:\/\/itinerarisdecanvi.cat\/#organization","name":"Itineraris de Canvi","url":"https:\/\/itinerarisdecanvi.cat\/","logo":{"@type":"ImageObject","inLanguage":"ca","@id":"https:\/\/itinerarisdecanvi.cat\/#\/schema\/logo\/image\/","url":"https:\/\/itinerarisdecanvi.cat\/wp-content\/uploads\/2024\/11\/ItinerarisDeCanviLogo.svg","contentUrl":"https:\/\/itinerarisdecanvi.cat\/wp-content\/uploads\/2024\/11\/ItinerarisDeCanviLogo.svg","width":1584,"height":130,"caption":"Itineraris de Canvi"},"image":{"@id":"https:\/\/itinerarisdecanvi.cat\/#\/schema\/logo\/image\/"}}]}},"_links":{"self":[{"href":"https:\/\/itinerarisdecanvi.cat\/ca\/wp-json\/wp\/v2\/pages\/784","targetHints":{"allow":["GET"]}}],"collection":[{"href":"https:\/\/itinerarisdecanvi.cat\/ca\/wp-json\/wp\/v2\/pages"}],"about":[{"href":"https:\/\/itinerarisdecanvi.cat\/ca\/wp-json\/wp\/v2\/types\/page"}],"author":[{"embeddable":true,"href":"https:\/\/itinerarisdecanvi.cat\/ca\/wp-json\/wp\/v2\/users\/1"}],"replies":[{"embeddable":true,"href":"https:\/\/itinerarisdecanvi.cat\/ca\/wp-json\/wp\/v2\/comments?post=784"}],"version-history":[{"count":10,"href":"https:\/\/itinerarisdecanvi.cat\/ca\/wp-json\/wp\/v2\/pages\/784\/revisions"}],"predecessor-version":[{"id":940,"href":"https:\/\/itinerarisdecanvi.cat\/ca\/wp-json\/wp\/v2\/pages\/784\/revisions\/940"}],"wp:attachment":[{"href":"https:\/\/itinerarisdecanvi.cat\/ca\/wp-json\/wp\/v2\/media?parent=784"}],"curies":[{"name":"wp","href":"https:\/\/api.w.org\/{rel}","templated":true}]}}